{"id":183,"date":"2020-09-16T17:09:16","date_gmt":"2020-09-16T15:09:16","guid":{"rendered":"http:\/\/alf31.fr\/index.php\/essayer-alf-31\/"},"modified":"2023-12-07T16:16:53","modified_gmt":"2023-12-07T15:16:53","slug":"essayer-alf-31","status":"publish","type":"page","link":"https:\/\/alf31.fr\/index.php\/essayer-alf-31\/","title":{"rendered":"Essayer ALF 31"},"content":{"rendered":"<div data-colibri-id=\"183-c1\" class=\"style-273 style-local-183-c1 position-relative\">\n  <!---->\n  <div data-colibri-component=\"section\" data-colibri-id=\"183-c2\" id=\"custom\" class=\"h-section h-section-global-spacing d-flex align-items-lg-center align-items-md-center align-items-center style-283 style-local-183-c2 position-relative\">\n    <!---->\n    <!---->\n    <div class=\"h-section-grid-container h-section-boxed-container\">\n      <!---->\n      <div data-colibri-id=\"183-c3\" class=\"h-row-container gutters-row-lg-2 gutters-row-md-2 gutters-row-0 gutters-row-v-lg-2 gutters-row-v-md-2 gutters-row-v-2 style-284 style-local-183-c3 position-relative\">\n        <!---->\n        <div class=\"h-row justify-content-lg-center justify-content-md-center justify-content-center align-items-lg-stretch align-items-md-stretch align-items-stretch gutters-col-lg-2 gutters-col-md-2 gutters-col-0 gutters-col-v-lg-2 gutters-col-v-md-2 gutters-col-v-2\">\n          <!---->\n          <div class=\"h-column h-column-container d-flex h-col-lg-auto h-col-md-auto h-col-auto style-285-outer style-local-183-c4-outer\">\n            <div data-colibri-id=\"183-c4\" class=\"d-flex h-flex-basis h-column__inner h-px-lg-2 h-px-md-2 h-px-2 v-inner-lg-2 v-inner-md-2 v-inner-2 style-285 style-local-183-c4 position-relative\">\n              <!---->\n              <!---->\n              <div class=\"w-100 h-y-container h-column__content h-column__v-align flex-basis-100 align-self-lg-start align-self-md-start align-self-start\">\n                <!---->\n                <div data-colibri-id=\"183-c5\" class=\"h-text h-text-component style-289 style-local-183-c5 position-relative h-element\">\n                  <!---->\n                  <!---->\n                  <div class=\"\">\n                    <p>\n                      <br>\n                    <\/p>\n                    <p>Vous \u00eates int\u00e9ress\u00e9 ? Nous pouvons organiser une d\u00e9monstration.<\/p>\n                    <p>Envoyez-nous une demande avec vos coordonn\u00e9es, et nous vous contacterons dans les plus brefs d\u00e9lais.&nbsp;<\/p>\n                    <p>Merci et \u00e0 bient\u00f4t !<\/p>\n                    <p>\n                      <br>\n                    <\/p>\n                  <\/div>\n                <\/div>\n                <div data-colibri-id=\"183-c6\" class=\"d-block style-433 style-local-183-c6 position-relative h-element\">\n                  <!---->\n                  <div class=\"h-image__frame-container-outer\">\n                    <div class=\"h-image__frame-container\">\n                      <!---->\n                      <!---->\n                      <img loading=\"lazy\" decoding=\"async\" width=\"1678\" height=\"1381\" src=\"https:\/\/alf31.fr\/wp-content\/uploads\/2020\/09\/cropped-DSC08606-scaled-1.jpg\" class=\"wp-image-712 style-433-image style-local-183-c6-image\" alt=\"\" srcset=\"https:\/\/alf31.fr\/wp-content\/uploads\/2020\/09\/cropped-DSC08606-scaled-1.jpg 1678w, https:\/\/alf31.fr\/wp-content\/uploads\/2020\/09\/cropped-DSC08606-scaled-1-300x247.jpg 300w, https:\/\/alf31.fr\/wp-content\/uploads\/2020\/09\/cropped-DSC08606-scaled-1-1024x843.jpg 1024w, https:\/\/alf31.fr\/wp-content\/uploads\/2020\/09\/cropped-DSC08606-scaled-1-768x632.jpg 768w, https:\/\/alf31.fr\/wp-content\/uploads\/2020\/09\/cropped-DSC08606-scaled-1-1536x1264.jpg 1536w\" sizes=\"auto, (max-width: 1678px) 100vw, 1678px\" \/>\n                      <div class=\"h-image__frame h-hide-lg h-hide-md h-hide-sm style-433-frameImage style-local-183-c6-frameImage\"><\/div>\n                    <\/div>\n                  <\/div>\n                <\/div>\n              <\/div>\n            <\/div>\n          <\/div>\n          <div class=\"h-column h-column-container d-flex h-col-lg-auto h-col-md-auto h-col-auto style-286-outer style-local-183-c7-outer\">\n            <div data-colibri-id=\"183-c7\" class=\"d-flex h-flex-basis h-column__inner h-px-lg-2 h-px-md-2 h-px-2 v-inner-lg-2 v-inner-md-2 v-inner-2 style-286 style-local-183-c7 position-relative\">\n              <!---->\n              <!---->\n              <div class=\"w-100 h-y-container h-column__content h-column__v-align flex-basis-100 align-self-lg-start align-self-md-start align-self-start\">\n                <!---->\n                <div data-colibri-id=\"183-c8\" class=\"h-contact-form__outer--forminator position-relative h-element\">\n                  <!---->\n                  <div class=\"h-global-transition-all h-global-transition h-global-transition-all h-contact-form-shortcode--no-style\"><form id=\"forminator-module-185\" class=\"forminator-custom-form forminator-custom-form-185\" method=\"post\" data-forminator-render=\"0\" data-uid=\"69e1525cb453c\"><div role=\"alert\" aria-live=\"polite\" class=\"forminator-response-message forminator-error\" aria-hidden=\"true\"><\/div><\/form><\/div>\n                <\/div>\n              <\/div>\n            <\/div>\n          <\/div>\n        <\/div>\n      <\/div>\n    <\/div>\n  <\/div>\n<\/div>","protected":false},"excerpt":{"rendered":"<p>Vous \u00eates int\u00e9ress\u00e9 ? Nous pouvons organiser une d\u00e9monstration. Envoyez-nous une demande avec vos coordonn\u00e9es, et nous vous contacterons dans les plus brefs d\u00e9lais.&nbsp; Merci et \u00e0 bient\u00f4t !<\/p>\n","protected":false},"author":1,"featured_media":0,"parent":0,"menu_order":0,"comment_status":"closed","ping_status":"closed","template":"page-templates\/full-width-page.php","meta":{"om_disable_all_campaigns":false,"rank_math_lock_modified_date":false,"_monsterinsights_skip_tracking":false,"_monsterinsights_sitenote_active":false,"_monsterinsights_sitenote_note":"","_monsterinsights_sitenote_category":0,"_uf_show_specific_survey":0,"_uf_disable_surveys":false,"footnotes":""},"class_list":["post-183","page","type-page","status-publish","hentry"],"_links":{"self":[{"href":"https:\/\/alf31.fr\/index.php\/wp-json\/wp\/v2\/pages\/183","targetHints":{"allow":["GET"]}}],"collection":[{"href":"https:\/\/alf31.fr\/index.php\/wp-json\/wp\/v2\/pages"}],"about":[{"href":"https:\/\/alf31.fr\/index.php\/wp-json\/wp\/v2\/types\/page"}],"author":[{"embeddable":true,"href":"https:\/\/alf31.fr\/index.php\/wp-json\/wp\/v2\/users\/1"}],"replies":[{"embeddable":true,"href":"https:\/\/alf31.fr\/index.php\/wp-json\/wp\/v2\/comments?post=183"}],"version-history":[{"count":17,"href":"https:\/\/alf31.fr\/index.php\/wp-json\/wp\/v2\/pages\/183\/revisions"}],"predecessor-version":[{"id":1068,"href":"https:\/\/alf31.fr\/index.php\/wp-json\/wp\/v2\/pages\/183\/revisions\/1068"}],"wp:attachment":[{"href":"https:\/\/alf31.fr\/index.php\/wp-json\/wp\/v2\/media?parent=183"}],"curies":[{"name":"wp","href":"https:\/\/api.w.org\/{rel}","templated":true}]}}